{"id":3336,"date":"2022-04-29T12:32:45","date_gmt":"2022-04-29T10:32:45","guid":{"rendered":"https:\/\/botiga.uab.cat\/?page_id=3336"},"modified":"2023-04-28T09:33:37","modified_gmt":"2023-04-28T07:33:37","slug":"compromiso-ecologico","status":"publish","type":"page","link":"https:\/\/botigauab.cat\/es\/compromiso-ecologico\/","title":{"rendered":"Compromiso ecol\u00f3gico"},"content":{"rendered":"\t\t<div data-elementor-type=\"wp-page\" data-elementor-id=\"3336\" class=\"elementor elementor-3336\">\n\t\t\t\t\t\t<section class=\"elementor-section elementor-top-section elementor-element elementor-element-dd2e13a elementor-section-height-min-height elementor-section-items-stretch elementor-section-stretched elementor-section-content-middle elementor-section-boxed elementor-section-height-default\" data-id=\"dd2e13a\" data-element_type=\"section\" data-settings=\"{&quot;stretch_section&quot;:&quot;section-stretched&quot;,&quot;background_background&quot;:&quot;classic&quot;}\">\n\t\t\t\t\t\t<div class=\"elementor-container elementor-column-gap-default\">\n\t\t\t\t\t<div class=\"elementor-column elementor-col-100 elementor-top-column elementor-element elementor-element-54a5726\" data-id=\"54a5726\" data-element_type=\"column\">\n\t\t\t<div class=\"elementor-widget-wrap elementor-element-populated\">\n\t\t\t\t\t\t<div class=\"elementor-element elementor-element-a2d1881 titulo elementor-widget elementor-widget-heading\" data-id=\"a2d1881\" data-element_type=\"widget\" data-widget_type=\"heading.default\">\n\t\t\t\t<div class=\"elementor-widget-container\">\n\t\t\t\t\t<h1 class=\"elementor-heading-title elementor-size-default\">Compromiso con el medio ambiente<\/h1>\t\t\t\t<\/div>\n\t\t\t\t<\/div>\n\t\t\t\t\t<\/div>\n\t\t<\/div>\n\t\t\t\t\t<\/div>\n\t\t<\/section>\n\t\t\t\t<section class=\"elementor-section elementor-top-section elementor-element elementor-element-3b28923 elementor-section-boxed elementor-section-height-default elementor-section-height-default\" data-id=\"3b28923\" data-element_type=\"section\">\n\t\t\t\t\t\t<div class=\"elementor-container elementor-column-gap-default\">\n\t\t\t\t\t<div class=\"elementor-column elementor-col-100 elementor-top-column elementor-element elementor-element-8cc99ed\" data-id=\"8cc99ed\" data-element_type=\"column\">\n\t\t\t<div class=\"elementor-widget-wrap\">\n\t\t\t\t\t\t\t<\/div>\n\t\t<\/div>\n\t\t\t\t\t<\/div>\n\t\t<\/section>\n\t\t\t\t<section class=\"elementor-section elementor-top-section elementor-element elementor-element-16e86a1 elementor-section-boxed elementor-section-height-default elementor-section-height-default\" data-id=\"16e86a1\" data-element_type=\"section\">\n\t\t\t\t\t\t<div class=\"elementor-container elementor-column-gap-wide\">\n\t\t\t\t\t<div class=\"elementor-column elementor-col-50 elementor-top-column elementor-element elementor-element-f20d01e\" data-id=\"f20d01e\" data-element_type=\"column\">\n\t\t\t<div class=\"elementor-widget-wrap elementor-element-populated\">\n\t\t\t\t\t\t<div class=\"elementor-element elementor-element-f863d0c elementor-position-left elementor-vertical-align-top elementor-widget elementor-widget-image-box\" data-id=\"f863d0c\" data-element_type=\"widget\" data-widget_type=\"image-box.default\">\n\t\t\t\t<div class=\"elementor-widget-container\">\n\t\t\t\t\t<div class=\"elementor-image-box-wrapper\"><figure class=\"elementor-image-box-img\"><img decoding=\"async\" width=\"150\" height=\"150\" src=\"https:\/\/botigauab.cat\/wp-content\/uploads\/icono-botella-150x150.png\" class=\"attachment-thumbnail size-thumbnail wp-image-3296\" alt=\"\" srcset=\"https:\/\/botigauab.cat\/wp-content\/uploads\/icono-botella-150x150.png 150w, https:\/\/botigauab.cat\/wp-content\/uploads\/icono-botella-300x300.png 300w, https:\/\/botigauab.cat\/wp-content\/uploads\/icono-botella-100x100.png 100w, https:\/\/botigauab.cat\/wp-content\/uploads\/icono-botella.png 501w\" sizes=\"(max-width: 150px) 100vw, 150px\" \/><\/figure><div class=\"elementor-image-box-content\"><h3 class=\"elementor-image-box-title\">RPET<\/h3><p class=\"elementor-image-box-description\">El PET reciclado, rPET o poli\u00e9ster reciclado es un material obtenido a partir del reciclaje de materiales sobrantes. En su mayor\u00eda proviene del reciclaje de botellas de PET y, en menor medida, de restos industriales de poli\u00e9ster o de ropa.<\/p><\/div><\/div>\t\t\t\t<\/div>\n\t\t\t\t<\/div>\n\t\t\t\t\t<\/div>\n\t\t<\/div>\n\t\t\t\t<div class=\"elementor-column elementor-col-50 elementor-top-column elementor-element elementor-element-ed5bd83\" data-id=\"ed5bd83\" data-element_type=\"column\">\n\t\t\t<div class=\"elementor-widget-wrap elementor-element-populated\">\n\t\t\t\t\t\t<div class=\"elementor-element elementor-element-539fa98 elementor-position-left elementor-vertical-align-top elementor-widget elementor-widget-image-box\" data-id=\"539fa98\" data-element_type=\"widget\" data-widget_type=\"image-box.default\">\n\t\t\t\t<div class=\"elementor-widget-container\">\n\t\t\t\t\t<div class=\"elementor-image-box-wrapper\"><figure class=\"elementor-image-box-img\"><img fetchpriority=\"high\" decoding=\"async\" width=\"300\" height=\"300\" src=\"https:\/\/botigauab.cat\/wp-content\/uploads\/icono-vegan-300x300.png\" class=\"attachment-medium size-medium wp-image-3308\" alt=\"\" srcset=\"https:\/\/botigauab.cat\/wp-content\/uploads\/icono-vegan-300x300.png 300w, https:\/\/botigauab.cat\/wp-content\/uploads\/icono-vegan-150x150.png 150w, https:\/\/botigauab.cat\/wp-content\/uploads\/icono-vegan-100x100.png 100w, https:\/\/botigauab.cat\/wp-content\/uploads\/icono-vegan.png 501w\" sizes=\"(max-width: 300px) 100vw, 300px\" \/><\/figure><div class=\"elementor-image-box-content\"><h3 class=\"elementor-image-box-title\">Vegano<\/h3><p class=\"elementor-image-box-description\">Acredita que el producto no contiene ingrediente animal y que est\u00e1 comprobado mediante diversas evaluaciones de conformidad y pruebas en su producci\u00f3n que ning\u00fan animal est\u00e1 expuesto a explotaci\u00f3n alguna.<\/p><\/div><\/div>\t\t\t\t<\/div>\n\t\t\t\t<\/div>\n\t\t\t\t\t<\/div>\n\t\t<\/div>\n\t\t\t\t\t<\/div>\n\t\t<\/section>\n\t\t\t\t<section class=\"elementor-section elementor-top-section elementor-element elementor-element-0d79c3b elementor-section-boxed elementor-section-height-default elementor-section-height-default\" data-id=\"0d79c3b\" data-element_type=\"section\">\n\t\t\t\t\t\t<div class=\"elementor-container elementor-column-gap-wide\">\n\t\t\t\t\t<div class=\"elementor-column elementor-col-50 elementor-top-column elementor-element elementor-element-6899736\" data-id=\"6899736\" data-element_type=\"column\">\n\t\t\t<div class=\"elementor-widget-wrap elementor-element-populated\">\n\t\t\t\t\t\t<div class=\"elementor-element elementor-element-a54f328 elementor-position-left elementor-vertical-align-top elementor-widget elementor-widget-image-box\" data-id=\"a54f328\" data-element_type=\"widget\" data-widget_type=\"image-box.default\">\n\t\t\t\t<div class=\"elementor-widget-container\">\n\t\t\t\t\t<div class=\"elementor-image-box-wrapper\"><figure class=\"elementor-image-box-img\"><img decoding=\"async\" width=\"150\" height=\"150\" src=\"https:\/\/botigauab.cat\/wp-content\/uploads\/icono-poliester-reciclado-150x150.png\" class=\"attachment-thumbnail size-thumbnail wp-image-3305\" alt=\"\" srcset=\"https:\/\/botigauab.cat\/wp-content\/uploads\/icono-poliester-reciclado-150x150.png 150w, https:\/\/botigauab.cat\/wp-content\/uploads\/icono-poliester-reciclado-300x300.png 300w, https:\/\/botigauab.cat\/wp-content\/uploads\/icono-poliester-reciclado-100x100.png 100w, https:\/\/botigauab.cat\/wp-content\/uploads\/icono-poliester-reciclado.png 501w\" sizes=\"(max-width: 150px) 100vw, 150px\" \/><\/figure><div class=\"elementor-image-box-content\"><h3 class=\"elementor-image-box-title\">Poli\u00e9ster reciclado<\/h3><p class=\"elementor-image-box-description\">Se utiliza tanto para la fabricaci\u00f3n de envases como para la <strong>creaci\u00f3n de prendas de ropa<\/strong>. Tras un proceso de reciclaje -que no implica la extracci\u00f3n de petr\u00f3leo- se producen los hilos con los que se elaborar\u00e1 el poli\u00e9ster reciclado y con ellos se tejer\u00e1n las prendas ecol\u00f3gicas.<\/p><\/div><\/div>\t\t\t\t<\/div>\n\t\t\t\t<\/div>\n\t\t\t\t\t<\/div>\n\t\t<\/div>\n\t\t\t\t<div class=\"elementor-column elementor-col-50 elementor-top-column elementor-element elementor-element-a13b852\" data-id=\"a13b852\" data-element_type=\"column\">\n\t\t\t<div class=\"elementor-widget-wrap elementor-element-populated\">\n\t\t\t\t\t\t<div class=\"elementor-element elementor-element-1387f42 elementor-position-left elementor-vertical-align-top elementor-widget elementor-widget-image-box\" data-id=\"1387f42\" data-element_type=\"widget\" data-widget_type=\"image-box.default\">\n\t\t\t\t<div class=\"elementor-widget-container\">\n\t\t\t\t\t<div class=\"elementor-image-box-wrapper\"><figure class=\"elementor-image-box-img\"><img loading=\"lazy\" decoding=\"async\" width=\"300\" height=\"300\" src=\"https:\/\/botigauab.cat\/wp-content\/uploads\/icono-algodon-organico-100-300x300.png\" class=\"attachment-medium size-medium wp-image-3293\" alt=\"100% algod\u00f3n org\u00e1nico\" srcset=\"https:\/\/botigauab.cat\/wp-content\/uploads\/icono-algodon-organico-100-300x300.png 300w, https:\/\/botigauab.cat\/wp-content\/uploads\/icono-algodon-organico-100-150x150.png 150w, https:\/\/botigauab.cat\/wp-content\/uploads\/icono-algodon-organico-100-100x100.png 100w, https:\/\/botigauab.cat\/wp-content\/uploads\/icono-algodon-organico-100.png 501w\" sizes=\"(max-width: 300px) 100vw, 300px\" \/><\/figure><div class=\"elementor-image-box-content\"><h3 class=\"elementor-image-box-title\">Algod\u00f3n Org\u00e1nico<\/h3><p class=\"elementor-image-box-description\">Cultivado usando m\u00e9todos sostenibles con impacto bajo para el medio ambiente. La no utilizaci\u00f3n de insecticidas, fertilizantes u otros productos qu\u00edmicos en el proceso de hilado y producci\u00f3n da como resultado un tejido c\u00f3modo, 100% derivado de plantas e hipoalerg\u00e9nico, de alta sostenibilidad en la cadena de suministro, en un tono natural que reivindica la agricultura tradicional.<\/p><\/div><\/div>\t\t\t\t<\/div>\n\t\t\t\t<\/div>\n\t\t\t\t\t<\/div>\n\t\t<\/div>\n\t\t\t\t\t<\/div>\n\t\t<\/section>\n\t\t\t\t<section class=\"elementor-section elementor-top-section elementor-element elementor-element-7d97328 elementor-section-boxed elementor-section-height-default elementor-section-height-default\" data-id=\"7d97328\" data-element_type=\"section\">\n\t\t\t\t\t\t<div class=\"elementor-container elementor-column-gap-wide\">\n\t\t\t\t\t<div class=\"elementor-column elementor-col-100 elementor-top-column elementor-element elementor-element-1c23b0c\" data-id=\"1c23b0c\" data-element_type=\"column\">\n\t\t\t<div class=\"elementor-widget-wrap elementor-element-populated\">\n\t\t\t\t\t\t<div class=\"elementor-element elementor-element-145fd7f elementor-position-left elementor-vertical-align-top elementor-widget elementor-widget-image-box\" data-id=\"145fd7f\" data-element_type=\"widget\" data-widget_type=\"image-box.default\">\n\t\t\t\t<div class=\"elementor-widget-container\">\n\t\t\t\t\t<div class=\"elementor-image-box-wrapper\"><figure class=\"elementor-image-box-img\"><img loading=\"lazy\" decoding=\"async\" width=\"250\" height=\"250\" src=\"https:\/\/botigauab.cat\/wp-content\/uploads\/icono-GOTS_grey.png\" class=\"attachment-medium size-medium wp-image-3299\" alt=\"\" srcset=\"https:\/\/botigauab.cat\/wp-content\/uploads\/icono-GOTS_grey.png 250w, https:\/\/botigauab.cat\/wp-content\/uploads\/icono-GOTS_grey-150x150.png 150w, https:\/\/botigauab.cat\/wp-content\/uploads\/icono-GOTS_grey-100x100.png 100w\" sizes=\"(max-width: 250px) 100vw, 250px\" \/><\/figure><div class=\"elementor-image-box-content\"><h3 class=\"elementor-image-box-title\">GOTS<\/h3><p class=\"elementor-image-box-description\">Es el est\u00e1ndar por el cual se aprueba que los tejidos y los textiles est\u00e1n hechos de fibras org\u00e1nicas. Solo los textiles fabricados con al menos un 70% de fibras org\u00e1nicas pueden obtener este tipo de certificaci\u00f3n.\nEl objetivo del GOTS es definir los requisitos reconocidos a nivel mundial que aseguran el estado org\u00e1nico de los textiles, desde la recolecci\u00f3n de las materias primas, incluyendo la fabricaci\u00f3n responsable desde el punto de vista ambiental, social y hasta el etiquetado para proporcionar una garant\u00eda cre\u00edble al consumidor final; es decir, su mirada est\u00e1 puesta en generar confianza y transparencia de toda la cadena de proveedores. Los procesadores y fabricantes de textiles est\u00e1n habilitados para exportar sus telas y prendas org\u00e1nicas con una certificaci\u00f3n aceptada en todos los mercados principales.<\/p><\/div><\/div>\t\t\t\t<\/div>\n\t\t\t\t<\/div>\n\t\t\t\t\t<\/div>\n\t\t<\/div>\n\t\t\t\t\t<\/div>\n\t\t<\/section>\n\t\t\t\t<section class=\"elementor-section elementor-top-section elementor-element elementor-element-4457f04 elementor-section-boxed elementor-section-height-default elementor-section-height-default\" data-id=\"4457f04\" data-element_type=\"section\">\n\t\t\t\t\t\t<div class=\"elementor-container elementor-column-gap-wide\">\n\t\t\t\t\t<div class=\"elementor-column elementor-col-50 elementor-top-column elementor-element elementor-element-87dac86\" data-id=\"87dac86\" data-element_type=\"column\">\n\t\t\t<div class=\"elementor-widget-wrap elementor-element-populated\">\n\t\t\t\t\t\t<div class=\"elementor-element elementor-element-0d4f82c elementor-position-left elementor-vertical-align-top elementor-widget elementor-widget-image-box\" data-id=\"0d4f82c\" data-element_type=\"widget\" data-widget_type=\"image-box.default\">\n\t\t\t\t<div class=\"elementor-widget-container\">\n\t\t\t\t\t<div class=\"elementor-image-box-wrapper\"><figure class=\"elementor-image-box-img\"><img loading=\"lazy\" decoding=\"async\" width=\"300\" height=\"106\" src=\"https:\/\/botigauab.cat\/wp-content\/uploads\/icono-oetko-grey-300x106.png\" class=\"attachment-medium size-medium wp-image-3317\" alt=\"\" srcset=\"https:\/\/botigauab.cat\/wp-content\/uploads\/icono-oetko-grey-300x106.png 300w, https:\/\/botigauab.cat\/wp-content\/uploads\/icono-oetko-grey.png 400w\" sizes=\"(max-width: 300px) 100vw, 300px\" \/><\/figure><div class=\"elementor-image-box-content\"><h3 class=\"elementor-image-box-title\">OEKO-TEX Standard 100<\/h3><p class=\"elementor-image-box-description\">La etiqueta ecol\u00f3gica m\u00e1s utilizada en el mundo para garantizar que los productos  han sido analizados ante m\u00e1s de 300 sustancias nocivas. La certificaci\u00f3n se basa en el cat\u00e1logo de criterios OEKO-TEX\u00ae con fundamento cient\u00edfico y pruebas de laboratorio neutrales, teniendo en cuenta numerosas sustancias, tanto reguladas como no reguladas, que podr\u00edan ser perjudiciales para la salud, as\u00ed como par\u00e1metros preventivos. <\/p><\/div><\/div>\t\t\t\t<\/div>\n\t\t\t\t<\/div>\n\t\t\t\t\t<\/div>\n\t\t<\/div>\n\t\t\t\t<div class=\"elementor-column elementor-col-50 elementor-top-column elementor-element elementor-element-364317b\" data-id=\"364317b\" data-element_type=\"column\">\n\t\t\t<div class=\"elementor-widget-wrap elementor-element-populated\">\n\t\t\t\t\t\t<div class=\"elementor-element elementor-element-ba81ae6 elementor-position-left elementor-vertical-align-top elementor-widget elementor-widget-image-box\" data-id=\"ba81ae6\" data-element_type=\"widget\" data-widget_type=\"image-box.default\">\n\t\t\t\t<div class=\"elementor-widget-container\">\n\t\t\t\t\t<div class=\"elementor-image-box-wrapper\"><figure class=\"elementor-image-box-img\"><img loading=\"lazy\" decoding=\"async\" width=\"150\" height=\"150\" src=\"https:\/\/botigauab.cat\/wp-content\/uploads\/icono-lavado-enzimatico-150x150.png\" class=\"attachment-thumbnail size-thumbnail wp-image-3302\" alt=\"\" srcset=\"https:\/\/botigauab.cat\/wp-content\/uploads\/icono-lavado-enzimatico-150x150.png 150w, https:\/\/botigauab.cat\/wp-content\/uploads\/icono-lavado-enzimatico-300x300.png 300w, https:\/\/botigauab.cat\/wp-content\/uploads\/icono-lavado-enzimatico-100x100.png 100w, https:\/\/botigauab.cat\/wp-content\/uploads\/icono-lavado-enzimatico.png 501w\" sizes=\"(max-width: 150px) 100vw, 150px\" \/><\/figure><div class=\"elementor-image-box-content\"><h3 class=\"elementor-image-box-title\">Lavado enzim\u00e1tico<\/h3><p class=\"elementor-image-box-description\">El lavado enzim\u00e1tico es un procedimiento textil de acabado final que se utiliza para suavizar un tejido. Aplicando enzimas de forma parcial se logra un tacto m\u00e1s suave y\/o se reduce o elimina la microfibra. Se aplica generalmente en el algod\u00f3n, el denim, el tencel o el seaqual.<\/p><\/div><\/div>\t\t\t\t<\/div>\n\t\t\t\t<\/div>\n\t\t\t\t\t<\/div>\n\t\t<\/div>\n\t\t\t\t\t<\/div>\n\t\t<\/section>\n\t\t\t\t<\/div>\n\t\t","protected":false},"excerpt":{"rendered":"<p>Compromiso con el medio ambiente RPET El PET reciclado, rPET o poli\u00e9ster reciclado es un material obtenido a partir del reciclaje de materiales sobrantes. En su mayor\u00eda proviene del reciclaje de botellas de PET y, en menor medida, de restos industriales de poli\u00e9ster o de ropa. Vegano Acredita que el producto no contiene ingrediente animal [&hellip;]<\/p>\n","protected":false},"author":1,"featured_media":0,"parent":0,"menu_order":0,"comment_status":"closed","ping_status":"closed","template":"","meta":{"ocean_post_layout":"","ocean_both_sidebars_style":"","ocean_both_sidebars_content_width":0,"ocean_both_sidebars_sidebars_width":0,"ocean_sidebar":"0","ocean_second_sidebar":"0","ocean_disable_margins":"enable","ocean_add_body_class":"","ocean_shortcode_before_top_bar":"","ocean_shortcode_after_top_bar":"","ocean_shortcode_before_header":"","ocean_shortcode_after_header":"","ocean_has_shortcode":"","ocean_shortcode_after_title":"","ocean_shortcode_before_footer_widgets":"","ocean_shortcode_after_footer_widgets":"","ocean_shortcode_before_footer_bottom":"","ocean_shortcode_after_footer_bottom":"","ocean_display_top_bar":"default","ocean_display_header":"default","ocean_header_style":"","ocean_center_header_left_menu":"0","ocean_custom_header_template":"0","ocean_custom_logo":0,"ocean_custom_retina_logo":0,"ocean_custom_logo_max_width":0,"ocean_custom_logo_tablet_max_width":0,"ocean_custom_logo_mobile_max_width":0,"ocean_custom_logo_max_height":0,"ocean_custom_logo_tablet_max_height":0,"ocean_custom_logo_mobile_max_height":0,"ocean_header_custom_menu":"0","ocean_menu_typo_font_family":"0","ocean_menu_typo_font_subset":"","ocean_menu_typo_font_size":0,"ocean_menu_typo_font_size_tablet":0,"ocean_menu_typo_font_size_mobile":0,"ocean_menu_typo_font_size_unit":"px","ocean_menu_typo_font_weight":"","ocean_menu_typo_font_weight_tablet":"","ocean_menu_typo_font_weight_mobile":"","ocean_menu_typo_transform":"","ocean_menu_typo_transform_tablet":"","ocean_menu_typo_transform_mobile":"","ocean_menu_typo_line_height":0,"ocean_menu_typo_line_height_tablet":0,"ocean_menu_typo_line_height_mobile":0,"ocean_menu_typo_line_height_unit":"","ocean_menu_typo_spacing":0,"ocean_menu_typo_spacing_tablet":0,"ocean_menu_typo_spacing_mobile":0,"ocean_menu_typo_spacing_unit":"","ocean_menu_link_color":"","ocean_menu_link_color_hover":"","ocean_menu_link_color_active":"","ocean_menu_link_background":"","ocean_menu_link_hover_background":"","ocean_menu_link_active_background":"","ocean_menu_social_links_bg":"","ocean_menu_social_hover_links_bg":"","ocean_menu_social_links_color":"","ocean_menu_social_hover_links_color":"","ocean_disable_title":"default","ocean_disable_heading":"default","ocean_post_title":"","ocean_post_subheading":"","ocean_post_title_style":"","ocean_post_title_background_color":"","ocean_post_title_background":0,"ocean_post_title_bg_image_position":"","ocean_post_title_bg_image_attachment":"","ocean_post_title_bg_image_repeat":"","ocean_post_title_bg_image_size":"","ocean_post_title_height":0,"ocean_post_title_bg_overlay":0.5,"ocean_post_title_bg_overlay_color":"","ocean_disable_breadcrumbs":"default","ocean_breadcrumbs_color":"","ocean_breadcrumbs_separator_color":"","ocean_breadcrumbs_links_color":"","ocean_breadcrumbs_links_hover_color":"","ocean_display_footer_widgets":"default","ocean_display_footer_bottom":"default","ocean_custom_footer_template":"239","footnotes":""},"class_list":["post-3336","page","type-page","status-publish","hentry","entry","owp-thumbs-layout-horizontal","owp-btn-normal","owp-tabs-layout-vertical","has-no-thumbnails"],"_links":{"self":[{"href":"https:\/\/botigauab.cat\/es\/wp-json\/wp\/v2\/pages\/3336","targetHints":{"allow":["GET"]}}],"collection":[{"href":"https:\/\/botigauab.cat\/es\/wp-json\/wp\/v2\/pages"}],"about":[{"href":"https:\/\/botigauab.cat\/es\/wp-json\/wp\/v2\/types\/page"}],"author":[{"embeddable":true,"href":"https:\/\/botigauab.cat\/es\/wp-json\/wp\/v2\/users\/1"}],"replies":[{"embeddable":true,"href":"https:\/\/botigauab.cat\/es\/wp-json\/wp\/v2\/comments?post=3336"}],"version-history":[{"count":1,"href":"https:\/\/botigauab.cat\/es\/wp-json\/wp\/v2\/pages\/3336\/revisions"}],"predecessor-version":[{"id":4359,"href":"https:\/\/botigauab.cat\/es\/wp-json\/wp\/v2\/pages\/3336\/revisions\/4359"}],"wp:attachment":[{"href":"https:\/\/botigauab.cat\/es\/wp-json\/wp\/v2\/media?parent=3336"}],"curies":[{"name":"wp","href":"https:\/\/api.w.org\/{rel}","templated":true}]}}