{"id":4973,"date":"2024-02-12T13:06:16","date_gmt":"2024-02-12T12:06:16","guid":{"rendered":"https:\/\/botiga.uab.cat\/?post_type=product&#038;p=4973"},"modified":"2025-03-24T13:52:20","modified_gmt":"2025-03-24T12:52:20","slug":"mochila-para-portatil-eco","status":"publish","type":"product","link":"https:\/\/botigauab.cat\/es\/tienda\/mochila-para-portatil-eco\/","title":{"rendered":"Mochila para port\u00e1til ECO"},"content":{"rendered":"<p>Mochila para ordenador port\u00e1til en poli\u00e9ster RPET 300D que incluye conector USB tipo A y cable para cargar dispositivos m\u00f3viles. Esta mochila compacta es ideal para viajar y trabajar, ya que puedes llevar un port\u00e1til de 16&#8221; o una tableta en el compartimento especial. Los diferentes compartimentos son lo suficientemente grandes como para guardar material de oficina y de viaje u otros art\u00edculos de uso diario. El compartimento lateral tiene un enchufe USB con un cable en el interior de la bolsa. A este cable se puede conectar un powerbank (no incluido) para poder cargar el smartphone sobre la marcha sin tener que meterlo en la bolsa. Las correas acolchadas ajustables para los hombros garantizan un ajuste c\u00f3modo. Esta bolsa de PET reciclado pesa s\u00f3lo 334 gramos cuando est\u00e1 vac\u00eda.<\/p>\n<p><strong>Medida:<\/strong> 29x12x41cm<\/p>\n","protected":false},"excerpt":{"rendered":"<p>Mochila UAB para port\u00e1til de 16&#8243;<\/p>\n","protected":false},"featured_media":4975,"template":"","meta":{"ocean_post_layout":"","ocean_both_sidebars_style":"","ocean_both_sidebars_content_width":0,"ocean_both_sidebars_sidebars_width":0,"ocean_sidebar":"0","ocean_second_sidebar":"0","ocean_disable_margins":"enable","ocean_add_body_class":"","ocean_shortcode_before_top_bar":"","ocean_shortcode_after_top_bar":"","ocean_shortcode_before_header":"","ocean_shortcode_after_header":"","ocean_has_shortcode":"","ocean_shortcode_after_title":"","ocean_shortcode_before_footer_widgets":"","ocean_shortcode_after_footer_widgets":"","ocean_shortcode_before_footer_bottom":"","ocean_shortcode_after_footer_bottom":"","ocean_display_top_bar":"default","ocean_display_header":"default","ocean_header_style":"","ocean_center_header_left_menu":"0","ocean_custom_header_template":"0","ocean_custom_logo":0,"ocean_custom_retina_logo":0,"ocean_custom_logo_max_width":0,"ocean_custom_logo_tablet_max_width":0,"ocean_custom_logo_mobile_max_width":0,"ocean_custom_logo_max_height":0,"ocean_custom_logo_tablet_max_height":0,"ocean_custom_logo_mobile_max_height":0,"ocean_header_custom_menu":"0","ocean_menu_typo_font_family":"0","ocean_menu_typo_font_subset":"","ocean_menu_typo_font_size":0,"ocean_menu_typo_font_size_tablet":0,"ocean_menu_typo_font_size_mobile":0,"ocean_menu_typo_font_size_unit":"px","ocean_menu_typo_font_weight":"","ocean_menu_typo_font_weight_tablet":"","ocean_menu_typo_font_weight_mobile":"","ocean_menu_typo_transform":"","ocean_menu_typo_transform_tablet":"","ocean_menu_typo_transform_mobile":"","ocean_menu_typo_line_height":0,"ocean_menu_typo_line_height_tablet":0,"ocean_menu_typo_line_height_mobile":0,"ocean_menu_typo_line_height_unit":"","ocean_menu_typo_spacing":0,"ocean_menu_typo_spacing_tablet":0,"ocean_menu_typo_spacing_mobile":0,"ocean_menu_typo_spacing_unit":"","ocean_menu_link_color":"","ocean_menu_link_color_hover":"","ocean_menu_link_color_active":"","ocean_menu_link_background":"","ocean_menu_link_hover_background":"","ocean_menu_link_active_background":"","ocean_menu_social_links_bg":"","ocean_menu_social_hover_links_bg":"","ocean_menu_social_links_color":"","ocean_menu_social_hover_links_color":"","ocean_disable_title":"default","ocean_disable_heading":"default","ocean_post_title":"","ocean_post_subheading":"","ocean_post_title_style":"","ocean_post_title_background_color":"","ocean_post_title_background":0,"ocean_post_title_bg_image_position":"","ocean_post_title_bg_image_attachment":"","ocean_post_title_bg_image_repeat":"","ocean_post_title_bg_image_size":"","ocean_post_title_height":0,"ocean_post_title_bg_overlay":0.5,"ocean_post_title_bg_overlay_color":"","ocean_disable_breadcrumbs":"default","ocean_breadcrumbs_color":"","ocean_breadcrumbs_separator_color":"","ocean_breadcrumbs_links_color":"","ocean_breadcrumbs_links_hover_color":"","ocean_display_footer_widgets":"default","ocean_display_footer_bottom":"default","ocean_custom_footer_template":"0"},"product_brand":[],"product_cat":[22],"product_tag":[],"class_list":{"0":"post-4973","1":"product","2":"type-product","3":"status-publish","4":"has-post-thumbnail","6":"product_cat-complementos","8":"entry","9":"has-media","11":"first","12":"instock","13":"taxable","14":"shipping-taxable","15":"purchasable","16":"product-type-simple","17":"col","18":"span_1_of_4","19":"owp-content-left","20":"item-entry","21":"owp-thumbs-layout-horizontal","22":"owp-btn-normal","23":"owp-tabs-layout-vertical"},"_links":{"self":[{"href":"https:\/\/botigauab.cat\/es\/wp-json\/wp\/v2\/product\/4973","targetHints":{"allow":["GET"]}}],"collection":[{"href":"https:\/\/botigauab.cat\/es\/wp-json\/wp\/v2\/product"}],"about":[{"href":"https:\/\/botigauab.cat\/es\/wp-json\/wp\/v2\/types\/product"}],"version-history":[{"count":2,"href":"https:\/\/botigauab.cat\/es\/wp-json\/wp\/v2\/product\/4973\/revisions"}],"predecessor-version":[{"id":6365,"href":"https:\/\/botigauab.cat\/es\/wp-json\/wp\/v2\/product\/4973\/revisions\/6365"}],"wp:featuredmedia":[{"embeddable":true,"href":"https:\/\/botigauab.cat\/es\/wp-json\/wp\/v2\/media\/4975"}],"wp:attachment":[{"href":"https:\/\/botigauab.cat\/es\/wp-json\/wp\/v2\/media?parent=4973"}],"wp:term":[{"taxonomy":"product_brand","embeddable":true,"href":"https:\/\/botigauab.cat\/es\/wp-json\/wp\/v2\/product_brand?post=4973"},{"taxonomy":"product_cat","embeddable":true,"href":"https:\/\/botigauab.cat\/es\/wp-json\/wp\/v2\/product_cat?post=4973"},{"taxonomy":"product_tag","embeddable":true,"href":"https:\/\/botigauab.cat\/es\/wp-json\/wp\/v2\/product_tag?post=4973"}],"curies":[{"name":"wp","href":"https:\/\/api.w.org\/{rel}","templated":true}]}}